{"id":1057,"date":"2017-08-25T21:32:24","date_gmt":"2017-08-25T21:32:24","guid":{"rendered":"http:\/\/3.74.105.69\/filosofia\/"},"modified":"2021-02-16T09:07:08","modified_gmt":"2021-02-16T09:07:08","slug":"filosofia","status":"publish","type":"page","link":"http:\/\/3.74.105.69\/es\/filosofia\/","title":{"rendered":"Filosof\u00eda"},"content":{"rendered":"<div id='full_slider_1'  class='avia-fullwidth-slider main_color avia-shadow   avia-builder-el-0  el_before_av_section  avia-builder-el-first   container_wrap sidebar_right' style=' '  ><div   data-size='featured_large'  data-lightbox_size='large'  data-animation='slide'  data-conditional_play=''  data-ids='1152'  data-video_counter='0'  data-autoplay='false'  data-bg_slider='false'  data-slide_height=''  data-handle='av_slideshow_full'  data-interval='5'  data-class=' '  data-el_id=''  data-css_id=''  data-scroll_down=''  data-control_layout='av-control-default'  data-custom_markup=''  data-perma_caption=''  data-autoplay_stopper=''  data-image_attachment=''  data-min_height='0px'  data-lazy_loading='disabled'  data-src=''  data-position='top left'  data-repeat='no-repeat'  data-attach='scroll'  data-stretch=''  data-default-height='42'  class='avia-slideshow avia-slideshow-1  av-control-default av-default-height-applied avia-slideshow-featured_large av_slideshow_full   avia-slide-slider '  itemprop=\"image\" itemscope=\"itemscope\" itemtype=\"https:\/\/schema.org\/ImageObject\" ><ul class='avia-slideshow-inner ' style='padding-bottom: 42%;' ><li  class=' av-single-slide slide-1 ' ><div data-rel='slideshow-1' class='avia-slide-wrap '   ><div class = \"caption_fullwidth av-slideshow-caption caption_left\"><div class = \"container caption_container\"><div class = \"slideshow_caption\"><div class = \"slideshow_inner_caption\"><div class = \"slideshow_align_caption\"><h2  style='font-size:70px; color:#d63d2d; ' class='avia-caption-title  '  itemprop=\"name\" >NUESTRA FILOSOF\u00cdA<\/h2><\/div><\/div><\/div><\/div><\/div><img class=\"wp-image-1153 avia-img-lazy-loading-not-1153\"  src=\"http:\/\/3.74.105.69\/wp-content\/uploads\/2020\/11\/prince-training-beach-1500x630.jpg\" width=\"1500\" height=\"630\" title='prince-training-beach' alt=''  itemprop=\"thumbnailUrl\"   \/><\/div><\/li><\/ul><\/div><\/div>\n<div id='av_section_1'  class='avia-section main_color avia-section-default avia-no-border-styling  avia-bg-style-scroll  avia-builder-el-1  el_after_av_slideshow_full  el_before_av_slideshow_full   container_wrap sidebar_right' style=' '  ><div class='container' ><div class='template-page content  av-content-small alpha units'><div class='post-entry post-entry-type-page post-entry-1057'><div class='entry-content-wrapper clearfix'>\n<div class=\"flex_column av_one_fourth  flex_column_div av-zero-column-padding first  avia-builder-el-2  el_before_av_one_half  avia-builder-el-first  \" style='border-radius:0px; '><\/div><div class=\"flex_column av_one_half  flex_column_div av-zero-column-padding   avia-builder-el-3  el_after_av_one_fourth  el_before_av_one_fourth  \" style='border-radius:0px; '><p><span  class=\"av_font_icon avia_animate_when_visible avia-icon-animate  av-icon-style-  avia-icon-pos-center \" style=\"color:#d63d2d; border-color:#d63d2d;\"><span class='av-icon-char' style='font-size:40px;line-height:40px;' aria-hidden='true' data-av_icon='\ue8b8' data-av_iconfont='entypo-fontello' ><\/span><\/span><br \/>\n<div  style='padding-bottom:20px; font-size:50px;' class='av-special-heading av-special-heading-h2  blockquote modern-quote modern-centered  avia-builder-el-5  el_after_av_font_icon  el_before_av_textblock  av-inherit-size '><h2 class='av-special-heading-tag '  itemprop=\"headline\"  >Cuida tu alma<\/h2><div class='special-heading-border'><div class='special-heading-inner-border' ><\/div><\/div><\/div><br \/>\n<section class=\"av_textblock_section \"  itemscope=\"itemscope\" itemtype=\"https:\/\/schema.org\/CreativeWork\" ><div class='avia_textblock  '   itemprop=\"text\" ><p style=\"text-align: center;\">Mente, cuerpo y alma, los tres son factores esenciales para tener un estilo de vida sano. Necesitas ejercitar tu mente mientras trabajas tu cuerpo; encontrar un equilibrio entre mente y cuerpo te llevar\u00e1 a una buena transformaci\u00f3n.<\/p>\n<\/div><\/section><br \/>\n<div  class='avia-button-wrap avia-button-center  avia-builder-el-7  el_after_av_textblock  avia-builder-el-last ' ><a href='http:\/\/3.74.105.69\/es\/contacto\/'  class='avia-button   avia-icon_select-no avia-size-medium avia-position-center '  style='background-color:#d63d2d; border-color:#d63d2d; color:#ffffff; ' ><span class='avia_iconbox_title' >\u00bfC\u00f3mo lo hago?<\/span><\/a><\/div><\/p><\/div><div class=\"flex_column av_one_fourth  flex_column_div av-zero-column-padding   avia-builder-el-8  el_after_av_one_half  avia-builder-el-last  \" style='border-radius:0px; '><\/div><\/div><\/div><\/div><!-- close content main div --><\/div><\/div><div id='full_slider_2'  class='avia-fullwidth-slider main_color avia-shadow   avia-builder-el-9  el_after_av_section  el_before_av_section   slider-not-first container_wrap sidebar_right' style=' '  ><div   data-size='featured_large'  data-lightbox_size='large'  data-animation='slide'  data-conditional_play=''  data-ids='1282'  data-video_counter='0'  data-autoplay='false'  data-bg_slider='false'  data-slide_height=''  data-handle='av_slideshow_full'  data-interval='5'  data-class=' '  data-el_id=''  data-css_id=''  data-scroll_down=''  data-control_layout='av-control-default'  data-custom_markup=''  data-perma_caption=''  data-autoplay_stopper=''  data-image_attachment=''  data-min_height='0px'  data-lazy_loading='disabled'  data-src=''  data-position='top left'  data-repeat='no-repeat'  data-attach='scroll'  data-stretch=''  data-default-height='42'  class='avia-slideshow avia-slideshow-2  av-control-default av-default-height-applied avia-slideshow-featured_large av_slideshow_full   avia-slide-slider '  itemprop=\"image\" itemscope=\"itemscope\" itemtype=\"https:\/\/schema.org\/ImageObject\" ><ul class='avia-slideshow-inner ' style='padding-bottom: 42%;' ><li  class=' av-single-slide slide-1 ' ><div data-rel='slideshow-2' class='avia-slide-wrap '   ><div class = \"caption_fullwidth av-slideshow-caption caption_right\"><div class = \"container caption_container\"><div class = \"slideshow_caption\"><div class = \"slideshow_inner_caption\"><div class = \"slideshow_align_caption\"><h2  style='font-size:70px; color:#d63d2d; ' class='avia-caption-title  '  itemprop=\"name\" >SALUD Y BIENESTAR<\/h2><\/div><\/div><\/div><\/div><\/div><img class=\"wp-image-1283 avia-img-lazy-loading-not-1283\"  src=\"http:\/\/3.74.105.69\/wp-content\/uploads\/2020\/11\/prince-rueda-1500x630.jpg\" width=\"1500\" height=\"630\" title='prince-rueda' alt=''  itemprop=\"thumbnailUrl\"   \/><\/div><\/li><\/ul><\/div><\/div><\/p>\n<div id='av_section_2'  class='avia-section main_color avia-section-default avia-no-border-styling  avia-bg-style-scroll  avia-builder-el-10  el_after_av_slideshow_full  el_before_av_slideshow_full   container_wrap sidebar_right' style=' '  ><div class='container' ><div class='template-page content  av-content-small alpha units'><div class='post-entry post-entry-type-page post-entry-1057'><div class='entry-content-wrapper clearfix'>\n<div class=\"flex_column av_one_fourth  flex_column_div av-zero-column-padding first  avia-builder-el-11  el_before_av_one_half  avia-builder-el-first  \" style='border-radius:0px; '><\/div><div class=\"flex_column av_one_half  flex_column_div av-zero-column-padding   avia-builder-el-12  el_after_av_one_fourth  el_before_av_one_fourth  \" style='border-radius:0px; '><p><span  class=\"av_font_icon avia_animate_when_visible avia-icon-animate  av-icon-style-  avia-icon-pos-center \" style=\"color:#d63d2d; border-color:#d63d2d;\"><span class='av-icon-char' style='font-size:40px;line-height:40px;' aria-hidden='true' data-av_icon='\ue855' data-av_iconfont='entypo-fontello' ><\/span><\/span><br \/>\n<div  style='padding-bottom:20px; font-size:50px;' class='av-special-heading av-special-heading-h2  blockquote modern-quote modern-centered  avia-builder-el-14  el_after_av_font_icon  el_before_av_textblock  av-inherit-size '><h2 class='av-special-heading-tag '  itemprop=\"headline\"  >Motivaci\u00f3n y responsabilidad<\/h2><div class='special-heading-border'><div class='special-heading-inner-border' ><\/div><\/div><\/div><br \/>\n<section class=\"av_textblock_section \"  itemscope=\"itemscope\" itemtype=\"https:\/\/schema.org\/CreativeWork\" ><div class='avia_textblock  '   itemprop=\"text\" ><div>\n<p>La responsabilidad es la clave para mantener un estilo de vida saludable, todo lo que necesitamos junto a la motivaci\u00f3n. Debemos ser m\u00e1s exigentes con nuestra salud y bienestar.<\/p>\n<\/div>\n<\/div><\/section><br \/>\n<div  class='avia-button-wrap avia-button-center  avia-builder-el-16  el_after_av_textblock  avia-builder-el-last ' ><a href='http:\/\/3.74.105.69\/es\/contacto\/'  class='avia-button   avia-icon_select-no avia-size-medium avia-position-center '  style='background-color:#d63d2d; border-color:#d63d2d; color:#ffffff; ' ><span class='avia_iconbox_title' >\u00a1Ens\u00e9\u00f1ame c\u00f3mo!<\/span><\/a><\/div><\/p><\/div><div class=\"flex_column av_one_fourth  flex_column_div av-zero-column-padding   avia-builder-el-17  el_after_av_one_half  avia-builder-el-last  \" style='border-radius:0px; '><\/div><\/div><\/div><\/div><!-- close content main div --><\/div><\/div><div id='full_slider_3'  class='avia-fullwidth-slider main_color avia-shadow   avia-builder-el-18  el_after_av_section  el_before_av_section   slider-not-first container_wrap sidebar_right' style=' '  ><div   data-size='featured_large'  data-lightbox_size='large'  data-animation='slide'  data-conditional_play=''  data-ids='1148'  data-video_counter='0'  data-autoplay='false'  data-bg_slider='false'  data-slide_height=''  data-handle='av_slideshow_full'  data-interval='5'  data-class=' '  data-el_id=''  data-css_id=''  data-scroll_down=''  data-control_layout='av-control-default'  data-custom_markup=''  data-perma_caption=''  data-autoplay_stopper=''  data-image_attachment=''  data-min_height='0px'  data-lazy_loading='disabled'  data-src=''  data-position='top left'  data-repeat='no-repeat'  data-attach='scroll'  data-stretch=''  data-default-height='42'  class='avia-slideshow avia-slideshow-3  av-control-default av-default-height-applied avia-slideshow-featured_large av_slideshow_full   avia-slide-slider '  itemprop=\"image\" itemscope=\"itemscope\" itemtype=\"https:\/\/schema.org\/ImageObject\" ><ul class='avia-slideshow-inner ' style='padding-bottom: 42%;' ><li  class=' av-single-slide slide-1 ' ><div data-rel='slideshow-3' class='avia-slide-wrap '   ><div class = \"caption_fullwidth av-slideshow-caption caption_right\"><div class = \"container caption_container\"><div class = \"slideshow_caption\"><div class = \"slideshow_inner_caption\"><div class = \"slideshow_align_caption\"><h2  style='font-size:70px; color:#d63d2d; ' class='avia-caption-title  '  itemprop=\"name\" >ESTILO DE VIDA SALUDABLE<\/h2><\/div><\/div><\/div><\/div><\/div><img class=\"wp-image-1149 avia-img-lazy-loading-not-1149\"  src=\"http:\/\/3.74.105.69\/wp-content\/uploads\/2020\/11\/prince-beach-1500x630.jpg\" width=\"1500\" height=\"630\" title='prince-beach' alt=''  itemprop=\"thumbnailUrl\"   \/><\/div><\/li><\/ul><\/div><\/div><\/p>\n<div id='av_section_3'  class='avia-section main_color avia-section-default avia-no-border-styling  avia-bg-style-scroll  avia-builder-el-19  el_after_av_slideshow_full  avia-builder-el-last   container_wrap sidebar_right' style=' '  ><div class='container' ><div class='template-page content  av-content-small alpha units'><div class='post-entry post-entry-type-page post-entry-1057'><div class='entry-content-wrapper clearfix'>\n<div class=\"flex_column av_one_fourth  flex_column_div av-zero-column-padding first  avia-builder-el-20  el_before_av_one_half  avia-builder-el-first  \" style='border-radius:0px; '><\/div><div class=\"flex_column av_one_half  flex_column_div av-zero-column-padding   avia-builder-el-21  el_after_av_one_fourth  el_before_av_one_fourth  \" style='border-radius:0px; '><p><span  class=\"av_font_icon avia_animate_when_visible avia-icon-animate  av-icon-style-  avia-icon-pos-center \" style=\"color:#d63d2d; border-color:#d63d2d;\"><span class='av-icon-char' style='font-size:40px;line-height:40px;' aria-hidden='true' data-av_icon='\ue8a9' data-av_iconfont='entypo-fontello' ><\/span><\/span><br \/>\n<div  style='padding-bottom:20px; font-size:50px;' class='av-special-heading av-special-heading-h2  blockquote modern-quote modern-centered  avia-builder-el-23  el_after_av_font_icon  el_before_av_textblock  av-inherit-size '><h2 class='av-special-heading-tag '  itemprop=\"headline\"  >La comida y la nutrici\u00f3n, una prioridad en tu vida<\/h2><div class='special-heading-border'><div class='special-heading-inner-border' ><\/div><\/div><\/div><br \/>\n<section class=\"av_textblock_section \"  itemscope=\"itemscope\" itemtype=\"https:\/\/schema.org\/CreativeWork\" ><div class='avia_textblock  '   itemprop=\"text\" ><div>\n<p>Comer es placentero, pero puede ser tan beneficioso como perjudicial para tu cuerpo. Eres responsable de escoger que motivo te ayudar\u00e1 en el camino, pero recuerda que la alimentaci\u00f3n es tu fuente primaria de energ\u00eda; la deber\u00edas usar como gasolina para el cuerpo. Lo que comes se traduce en tu salud y tu bienestar, y mucha gente niega esto hasta que se enfrentan a problemas de salud. No importa lo ocupado que est\u00e9s: debes considerar la alimentaci\u00f3n una prioridad en tu vida.<\/p>\n<\/div>\n<\/div><\/section><br \/>\n<div  class='avia-button-wrap avia-button-center  avia-builder-el-25  el_after_av_textblock  avia-builder-el-last ' ><a href='http:\/\/3.74.105.69\/es\/contacto\/'  class='avia-button   avia-icon_select-no avia-size-medium avia-position-center '  style='background-color:#d63d2d; border-color:#d63d2d; color:#ffffff; ' ><span class='avia_iconbox_title' >\u00bfC\u00f3mo lo hago?<\/span><\/a><\/div><\/p><\/div><div class=\"flex_column av_one_fourth  flex_column_div av-zero-column-padding   avia-builder-el-26  el_after_av_one_half  avia-builder-el-last  \" style='border-radius:0px; '><\/div><\/div><\/div><\/div><!-- close content main div --><\/div><\/div><div id='after_section_3'  class='main_color av_default_container_wrap container_wrap sidebar_right' style=' '  ><div class='container' ><div class='template-page content  av-content-small alpha units'><div class='post-entry post-entry-type-page post-entry-1057'><div class='entry-content-wrapper clearfix'>\n","protected":false},"excerpt":{"rendered":"","protected":false},"author":2,"featured_media":0,"parent":0,"menu_order":0,"comment_status":"closed","ping_status":"closed","template":"","meta":[],"_links":{"self":[{"href":"http:\/\/3.74.105.69\/es\/wp-json\/wp\/v2\/pages\/1057"}],"collection":[{"href":"http:\/\/3.74.105.69\/es\/wp-json\/wp\/v2\/pages"}],"about":[{"href":"http:\/\/3.74.105.69\/es\/wp-json\/wp\/v2\/types\/page"}],"author":[{"embeddable":true,"href":"http:\/\/3.74.105.69\/es\/wp-json\/wp\/v2\/users\/2"}],"replies":[{"embeddable":true,"href":"http:\/\/3.74.105.69\/es\/wp-json\/wp\/v2\/comments?post=1057"}],"version-history":[{"count":0,"href":"http:\/\/3.74.105.69\/es\/wp-json\/wp\/v2\/pages\/1057\/revisions"}],"wp:attachment":[{"href":"http:\/\/3.74.105.69\/es\/wp-json\/wp\/v2\/media?parent=1057"}],"curies":[{"name":"wp","href":"https:\/\/api.w.org\/{rel}","templated":true}]}}