{"id":1019,"date":"2017-08-25T20:49:08","date_gmt":"2017-08-25T20:49:08","guid":{"rendered":"http:\/\/3.74.105.69\/1015-2\/"},"modified":"2021-02-16T08:58:19","modified_gmt":"2021-02-16T08:58:19","slug":"1015-2","status":"publish","type":"page","link":"http:\/\/3.74.105.69\/es\/1015-2\/","title":{"rendered":"Sobre nosotros"},"content":{"rendered":"<div id='full_slider_1'  class='avia-fullwidth-slider main_color avia-shadow   avia-builder-el-0  el_before_av_section  avia-builder-el-first   container_wrap sidebar_right' style=' '  ><div   data-size='featured'  data-lightbox_size='large'  data-animation='slide'  data-conditional_play=''  data-ids='1276'  data-video_counter='0'  data-autoplay='false'  data-bg_slider='false'  data-slide_height=''  data-handle='av_slideshow_full'  data-interval='5'  data-class=' '  data-el_id=''  data-css_id=''  data-scroll_down=''  data-control_layout='av-control-default'  data-custom_markup=''  data-perma_caption=''  data-autoplay_stopper=''  data-image_attachment=''  data-min_height='0px'  data-lazy_loading='disabled'  data-src=''  data-position='top left'  data-repeat='no-repeat'  data-attach='scroll'  data-stretch=''  data-default-height='28.666666666667'  class='avia-slideshow avia-slideshow-1  av-control-default av-default-height-applied avia-slideshow-featured av_slideshow_full   avia-slide-slider '  itemprop=\"image\" itemscope=\"itemscope\" itemtype=\"https:\/\/schema.org\/ImageObject\" ><ul class='avia-slideshow-inner ' style='padding-bottom: 28.666666666667%;' ><li  class=' av-single-slide slide-1 ' ><div data-rel='slideshow-1' class='avia-slide-wrap '   ><img class=\"wp-image-1277 avia-img-lazy-loading-not-1277\"  src=\"http:\/\/3.74.105.69\/wp-content\/uploads\/2020\/11\/prince-about-us-1500x430.jpg\" width=\"1500\" height=\"430\" title='prince-about-us' alt=''  itemprop=\"thumbnailUrl\"   \/><\/div><\/li><\/ul><\/div><\/div>\n<div id='av_section_1'  class='avia-section main_color avia-section-default avia-no-border-styling  avia-bg-style-scroll  avia-builder-el-1  el_after_av_slideshow_full  el_before_av_layout_row   container_wrap sidebar_right' style=' '  ><div class='container' ><div class='template-page content  av-content-small alpha units'><div class='post-entry post-entry-type-page post-entry-1019'><div class='entry-content-wrapper clearfix'>\n<div class=\"flex_column av_two_third  flex_column_div av-zero-column-padding first  avia-builder-el-2  el_before_av_one_third  avia-builder-el-first  \" style='border-radius:0px; '><p><div  style='padding-bottom:30px; font-size:70px;' class='av-special-heading av-special-heading-h1  blockquote modern-quote  avia-builder-el-3  el_before_av_textblock  avia-builder-el-first  av-inherit-size '><h1 class='av-special-heading-tag '  itemprop=\"headline\"  >Prince<\/h1><div class ='av-subheading av-subheading_below  ' style='font-size:30px;'><p>\u00a1Entrena m\u00e1s inteligente, m\u00e1s consistente y m\u00e1s eficiente que nunca!<\/p>\n<\/div><div class='special-heading-border'><div class='special-heading-inner-border' ><\/div><\/div><\/div><br \/>\n<section class=\"av_textblock_section \"  itemscope=\"itemscope\" itemtype=\"https:\/\/schema.org\/CreativeWork\" ><div class='avia_textblock  '   itemprop=\"text\" ><div>\n<p>Entrenador personal, coach Deportivo y asesor en bienestar. Estuve un tiempo en el Ej\u00e9rcito de los Estados Unidos, donde potenci\u00e9 los valores de responsabilidad y resistencia. Nada te prepara m\u00e1s para las exigencias de la vida que el servicio militar. Originalmente de los Estados Unidos, he vivido y trabajado en Chicago, Berl\u00edn, Londres y ahora Barcelona.<\/p>\n<\/div>\n<div>\n<p>Con alrededor de 10 a\u00f1os de experiencia en la industria del deporte y con el deseo de impactar positivamente en la vida de las personas, abandon\u00e9 mi exitosa vida en el mundo de la psicolog\u00eda para formar Desired Fitness en Chicago.<\/p>\n<\/div>\n<div>\n<p>Mi equipo y yo ofrecemos entrenamientos personales a usuarios de todas las edades y grados deportivos en Barcelona y Chicago. Su funci\u00f3n se basa en educar, apoyar y motivar a sus clientes para que logren sus metas.<\/p>\n<\/div>\n<div>\n<p>Orientamos a nuestros usuarios para crear patrones de ejercicios eficaces y damos consejos nutricionales desde el d\u00eda uno. Desarrollamos programas f\u00edsicos a largo plazo a la par con nuestros clientes de manera realista, funcional y efectiva. Entrena m\u00e1s inteligente, m\u00e1s consistente y m\u00e1s eficiente que nunca!<\/p>\n<\/div>\n<div>\n<p>Como asesores deportivos y de bienestar, ofrecemos talleres y seminarios colectivos, adem\u00e1s de planes deportivos y de salud individualizados y para empresas.<\/p>\n<\/div>\n<\/div><\/section><br \/>\n<div  style='padding-bottom:30px; font-size:45px;' class='av-special-heading av-special-heading-h3  blockquote modern-quote  avia-builder-el-5  el_after_av_textblock  el_before_av_button  av-inherit-size '><h3 class='av-special-heading-tag '  itemprop=\"headline\"  >Media<\/h3><div class='special-heading-border'><div class='special-heading-inner-border' ><\/div><\/div><\/div><br \/>\n<div  class='avia-button-wrap avia-button-left  avia-builder-el-6  el_after_av_heading  el_before_av_image ' ><a href='https:\/\/www.elperiodico.com\/es\/entre-todos\/20180402\/entrevista-prince-ogunjobi-cuidarse-y-moverse-es-invertir-en-nuestro-futuro-6729688' class='avia-button   avia-icon_select-no avia-size-medium avia-position-left ' target=\"_blank\" rel=\"noopener noreferrer\" style='background-color:#d63d2d; border-color:#d63d2d; color:#ffffff; '><span class='avia_iconbox_title' >El Peri\u00f3dico: Lee la entrevista<\/span><\/a><\/div><br \/>\n<div  class='avia-image-container  av-styling-    avia-builder-el-7  el_after_av_button  avia-builder-el-last  avia-align-left '  itemprop=\"image\" itemscope=\"itemscope\" itemtype=\"https:\/\/schema.org\/ImageObject\"  ><div class='avia-image-container-inner'><div class='avia-image-overlay-wrap'><img class='wp-image-1434 avia-img-lazy-loading-not-1434 avia_image' src=\"http:\/\/3.74.105.69\/wp-content\/uploads\/2017\/08\/1522683762609-80x80.jpg\" alt='' title='1522683762609' height=\"80\" width=\"80\"  itemprop=\"thumbnailUrl\" srcset=\"http:\/\/3.74.105.69\/wp-content\/uploads\/2017\/08\/1522683762609-80x80.jpg 80w, http:\/\/3.74.105.69\/wp-content\/uploads\/2017\/08\/1522683762609-36x36.jpg 36w, http:\/\/3.74.105.69\/wp-content\/uploads\/2017\/08\/1522683762609-180x180.jpg 180w, http:\/\/3.74.105.69\/wp-content\/uploads\/2017\/08\/1522683762609-120x120.jpg 120w, http:\/\/3.74.105.69\/wp-content\/uploads\/2017\/08\/1522683762609-450x450.jpg 450w\" sizes=\"(max-width: 80px) 100vw, 80px\" \/><\/div><\/div><\/div><\/p><\/div><div class=\"flex_column av_one_third  flex_column_div   avia-builder-el-8  el_after_av_two_third  avia-builder-el-last  \" style='padding:0px 20px 0px 10px ; border-radius:0px; '><p><div  style='padding-bottom:30px; font-size:45px;' class='av-special-heading av-special-heading-h3  blockquote modern-quote  avia-builder-el-9  el_before_av_codeblock  avia-builder-el-first  av-inherit-size '><h3 class='av-special-heading-tag '  itemprop=\"headline\"  >Get in touch<\/h3><div class='special-heading-border'><div class='special-heading-inner-border' ><\/div><\/div><\/div><br \/>\n<\/p><\/div><\/div><\/div><\/div><!-- close content main div --><\/div><\/div><div id='av-layout-grid-1'  class='av-layout-grid-container entry-content-wrapper main_color av-flex-cells     avia-builder-el-11  el_after_av_section  avia-builder-el-last  submenu-not-first container_wrap sidebar_right' style=' '  >\n<div class=\"flex_cell no_margin av_one_third  avia-builder-el-12  el_before_av_cell_one_third  avia-builder-el-first   avia-full-stretch \"  style='vertical-align:middle; padding:50px; background-color:#3c3c3c; ' ><div class='flex_cell_inner' ><div  class=\"avia-animated-number av-force-default-color  avia-color-font-custom  avia-builder-el-13  avia-builder-el-no-sibling  avia_animate_when_visible\" style='color:#ffffff;' data-timer=\"3000\"><strong class=\"heading avia-animated-number-title\" style='font-size:50px;'><span class=\"avia-single-number __av-single-number\" data-number_format=\"\" data-number=\"26\" data-start_from=\"0\">26<\/span><span class='avia-animated-number-icon av-icon-after-number av-icon-char' aria-hidden='true' data-av_icon='\ue82a' data-av_iconfont='entypo-fontello'><\/span><\/strong><div class='avia-animated-number-content' style='font-size:22px;'><p>Maratones<br \/>\n(2:38:37PR)<\/p>\n<\/div><\/div>\n<\/div><\/div><div class=\"flex_cell no_margin av_one_third  avia-builder-el-14  el_after_av_cell_one_third  el_before_av_cell_one_third   avia-full-stretch \"  style='vertical-align:middle; padding:50px 50px 50px 50px ; background-color:#292929; ' ><div class='flex_cell_inner' ><div  class=\"avia-animated-number av-force-default-color  avia-color-font-custom  avia-builder-el-15  avia-builder-el-no-sibling  avia_animate_when_visible\" style='color:#ffffff;' data-timer=\"3000\"><strong class=\"heading avia-animated-number-title\" style='font-size:50px;'><span class=\"avia-no-number\">M\u00e1s de <\/span><span class=\"avia-single-number __av-single-number\" data-number_format=\"\" data-number=\"30\" data-start_from=\"0\">30<\/span><span class='avia-animated-number-icon av-icon-after-number av-icon-char' aria-hidden='true' data-av_icon='\ue828' data-av_iconfont='entypo-fontello'><\/span><\/strong><div class='avia-animated-number-content' style='font-size:22px;'><p>medias maratones<\/p>\n<\/div><\/div>\n<\/div><\/div><div class=\"flex_cell no_margin av_one_third  avia-builder-el-16  el_after_av_cell_one_third  avia-builder-el-last   avia-full-stretch \"  style='background: #d63d2d; vertical-align:middle; padding:50px; background-color:#d63d2d; ' ><div class='flex_cell_inner' ><div  class=\"avia-animated-number av-force-default-color  avia-color-font-custom  avia-builder-el-17  avia-builder-el-no-sibling  avia_animate_when_visible\" style='color:#ffffff;' data-timer=\"3000\"><strong class=\"heading avia-animated-number-title\" style='font-size:50px;'><span class=\"avia-single-number __av-single-number\" data-number_format=\"\" data-number=\"8\" data-start_from=\"0\">8<\/span><span class='avia-animated-number-icon av-icon-after-number av-icon-char' aria-hidden='true' data-av_icon='\ue808' data-av_iconfont='entypo-fontello'><\/span><\/strong><div class='avia-animated-number-content' style='font-size:22px;'><p>triatlones<br \/>\ny numerosas carreras de 5k\/8k\/10k<\/p>\n<\/div><\/div>\n<\/div><\/div><\/div><\/p>\n","protected":false},"excerpt":{"rendered":"","protected":false},"author":2,"featured_media":0,"parent":0,"menu_order":0,"comment_status":"closed","ping_status":"closed","template":"","meta":[],"_links":{"self":[{"href":"http:\/\/3.74.105.69\/es\/wp-json\/wp\/v2\/pages\/1019"}],"collection":[{"href":"http:\/\/3.74.105.69\/es\/wp-json\/wp\/v2\/pages"}],"about":[{"href":"http:\/\/3.74.105.69\/es\/wp-json\/wp\/v2\/types\/page"}],"author":[{"embeddable":true,"href":"http:\/\/3.74.105.69\/es\/wp-json\/wp\/v2\/users\/2"}],"replies":[{"embeddable":true,"href":"http:\/\/3.74.105.69\/es\/wp-json\/wp\/v2\/comments?post=1019"}],"version-history":[{"count":0,"href":"http:\/\/3.74.105.69\/es\/wp-json\/wp\/v2\/pages\/1019\/revisions"}],"wp:attachment":[{"href":"http:\/\/3.74.105.69\/es\/wp-json\/wp\/v2\/media?parent=1019"}],"curies":[{"name":"wp","href":"https:\/\/api.w.org\/{rel}","templated":true}]}}